{"id":13504,"date":"2026-03-02T15:45:12","date_gmt":"2026-03-02T14:45:12","guid":{"rendered":"https:\/\/alsokamedical.com\/?post_type=product&#038;p=13504"},"modified":"2026-03-25T10:23:22","modified_gmt":"2026-03-25T09:23:22","slug":"einweg-sauggriff-mit-vakuumregler-fuer-mikrosaugpumpe","status":"publish","type":"product","link":"https:\/\/alsokamedical.com\/de\/product\/einweg-sauggriff-mit-vakuumregler-fuer-mikrosaugpumpe\/","title":{"rendered":"Einweg-Sauggriff mit Vakuumregler f\u00fcr Mikrosaugpumpe (20 St\u00fcck)"},"content":{"rendered":"<p>Professioneller Vakuum-Controller (Saug-Controller) f\u00fcr schnellen Aufbau und sofortige Unterbrechung des Vakuums bei Mikrosaug-Behandlungen. Optimale Kontrolle, ohne dass Sie die Vakuumpumpe selbst bedienen m\u00fcssen.<\/p>\n<h2 data-start=\"618\" data-end=\"640\">Beschreibung des Produkts<\/h2>\n<p data-start=\"642\" data-end=\"859\">Der Vakuumregler f\u00fcr die <a href=\"https:\/\/alsokamedical.com\/de\/mikro-sauganlagen\/\">Mikrosaugpumpe von Alsoka Medical<\/a> ist ein praktisches Zwischenst\u00fcck, das Sie beim Entfernen von Ohrenschmalz zwischen <a href=\"https:\/\/alsokamedical.com\/de\/product\/silikonsaugschlauch-zur-verwendung-bei-der-ohrreinigung-grau-ral-7035-2-meter\/\">dem Saugschlauch<\/a> und <a href=\"https:\/\/alsokamedical.com\/de\/product\/ohrsaugschlauch-extra-kurz-durchmesser-21mm-mittel-gruen-50-stueck\/\">dem Saugrohr<\/a> verwenden.<\/p>\n<p data-start=\"642\" data-end=\"859\">Indem Sie die Regulierungs\u00f6ffnung mit Ihrem Daumen abdecken oder freigeben, k\u00f6nnen Sie das voreingestellte Vakuum schnell aufbauen oder unterbrechen &#8211; ohne nach einem Knopf an der <a href=\"https:\/\/alsokamedical.com\/de\/mikro-sauganlagen\/\">Vakuumpumpe<\/a> suchen zu m\u00fcssen.<\/p>\n<p data-start=\"1078\" data-end=\"1190\">So haben Sie die M\u00f6glichkeit, nur das Vakuum im Geh\u00f6rgang aufzubauen, um den L\u00e4rm der Behandlung zu minimieren. Dies ist n\u00fctzlich bei Kunden <a href=\"https:\/\/earwaxshop.com\/nl\/oorsuizen\/\" target=\"_blank\" rel=\"noopener\">mit Tinnitus oder Hyperakusis-Beschwerden<\/a>.<\/p>\n<p data-start=\"1078\" data-end=\"1190\">Es erh\u00f6ht auch die Sicherheit beim Entfernen von Ohrenschmalz mit der Vakuumpumpe. Sollten Sie n\u00e4mlich <a href=\"https:\/\/alsokamedical.com\/de\/instrumente-einwegartikel\/\">mit Ihrem Saugschlauch<\/a> den Geh\u00f6rgang oder das Trommelfell treffen, k\u00f6nnen Sie das Vakuum schnell unterbrechen.<\/p>\n<h2 data-start=\"1197\" data-end=\"1244\">Wof\u00fcr wird dieser Vakuumregler verwendet?<\/h2>\n<p data-start=\"1246\" data-end=\"1329\">Dieser Absaugregler ist nicht f\u00fcr eine pr\u00e4zise Druckeinstellung gedacht, sondern f\u00fcr:<\/p>\n<ul>\n<li data-start=\"1246\" data-end=\"1329\">Schneller Aufbau von Vakuum<\/li>\n<li data-start=\"1331\" data-end=\"1518\">Sofortige Unterbrechung des Vakuums<\/li>\n<li data-start=\"1331\" data-end=\"1518\">Zeitersparnis bei Behandlungen<\/li>\n<li data-start=\"1331\" data-end=\"1518\">Betrieb ohne manuelle Bedienung der Pumpe<\/li>\n<li data-start=\"1331\" data-end=\"1518\">Verbesserte Kontrolle und Sicherheit auf der Behandlungsseite<\/li>\n<\/ul>\n<p data-start=\"1520\" data-end=\"1660\">Damit eignet sich das Produkt besonders f\u00fcr HNO-\u00c4rzte und -Kliniken, <a href=\"https:\/\/alsokamedical.com\/de\/fachgebiet\/assistentin-des-arztes\/\">Arzthelferinnen in Krankenh\u00e4usern<\/a>, <a href=\"https:\/\/alsokamedical.com\/de\/fachgebiet\/meister-hoerakustiker-ohrenschmalz-entfernung\/\">Audiologen &amp; H\u00f6rger\u00e4teakustiker<\/a>, <a href=\"https:\/\/alsokamedical.com\/de\/fachgebiet\/hausarzt\/\">Hausarztpraxen<\/a> und andere medizinische Fachkr\u00e4fte, die effizient und ergonomisch arbeiten m\u00f6chten.<\/p>\n<h2 data-start=\"1667\" data-end=\"1684\">Wie funktioniert das?<\/h2>\n<ul>\n<li data-start=\"1688\" data-end=\"1735\">\u00d6ffnung abgedeckt \u2192 Vakuum wird sofort aufgebaut<\/li>\n<li data-start=\"1688\" data-end=\"1735\">\u00d6ffnung freigegeben \u2192 Vakuum sofort unterbrochen<\/li>\n<\/ul>\n<p data-start=\"1799\" data-end=\"1916\">Die Vakuumpumpe bleibt kontinuierlich aktiv, aber \u00fcber dieses Zwischenst\u00fcck wird das Vakuum lokal auf der Behandlungsseite gesteuert.<\/p>\n<h2 data-start=\"1923\" data-end=\"1949\">Wesentliche Merkmale<\/h2>\n<ul>\n<li data-start=\"1923\" data-end=\"1949\">Vakuum-Controller<\/li>\n<li data-start=\"1923\" data-end=\"1949\">Schnelle Aktivierung und Unterbrechung des Vakuums<\/li>\n<li data-start=\"1923\" data-end=\"1949\">Kein Pumpenbetrieb w\u00e4hrend der Behandlung erforderlich<\/li>\n<li data-start=\"1923\" data-end=\"1949\">Universeller Schlauchanschluss<\/li>\n<li data-start=\"1923\" data-end=\"1949\">Solide, lecksichere Verbindung<\/li>\n<li data-start=\"1923\" data-end=\"1949\">Strapazierf\u00e4higer medizinischer Kunststoff<\/li>\n<li data-start=\"1923\" data-end=\"1949\">F\u00fcr den professionellen Einsatz geeignet<\/li>\n<\/ul>\n<h2 data-start=\"3513\" data-end=\"3551\">Warum bei Alsoka Medical bestellen?<\/h2>\n<p data-start=\"3553\" data-end=\"3663\">Bei Alsoka Medical bieten wir medizinische Ger\u00e4te und Zubeh\u00f6r an, die zur effizienten und sicheren Entfernung von Ohrenschmalz beitragen:<\/p>\n<ul>\n<li data-start=\"3665\" data-end=\"3791\">Spezialisiert auf die Entfernung von Ohrenschmalz<\/li>\n<li data-start=\"3665\" data-end=\"3791\"><a href=\"https:\/\/alsokamedical.com\/de\/vorotek-o-scope\/\">Das einzigartige Vorotek O Scope<\/a>, das kopfgetragene binokulare Mikroskop<\/li>\n<li data-start=\"3665\" data-end=\"3791\">Hochwertige Mikrosauger-Ausr\u00fcstung<\/li>\n<li data-start=\"3665\" data-end=\"3791\">Einwegartikel von professioneller medizinischer Qualit\u00e4t<\/li>\n<li data-start=\"3665\" data-end=\"3791\">Schnelle Lieferung<\/li>\n<li data-start=\"3665\" data-end=\"3791\">Zuverl\u00e4ssiger Service<\/li>\n<\/ul>\n<p><a href=\"https:\/\/alsokamedical.com\/specialisten\/triage-audicien-oorsmeer-verwijderen\/\">Klicken Sie hier<\/a>, um unser komplettes Angebot zur Entfernung von Ohrenschmalz mit Mikrosaugern zu sehen.<\/p>\n","protected":false},"excerpt":{"rendered":"<p>Professioneller Vakuumregler (Saugregler) f\u00fcr Mikrosaugbehandlungen, 20 St\u00fcck pro Beutel.<\/p>\n","protected":false},"featured_media":13508,"comment_status":"open","ping_status":"closed","template":"","meta":{"_acf_changed":false,"site-sidebar-layout":"default","site-content-layout":"","ast-site-content-layout":"default","site-content-style":"default","site-sidebar-style":"default","ast-global-header-display":"","ast-banner-title-visibility":"","ast-main-header-display":"","ast-hfb-above-header-display":"","ast-hfb-below-header-display":"","ast-hfb-mobile-header-display":"","site-post-title":"","ast-breadcrumbs-content":"","ast-featured-img":"","footer-sml-layout":"","ast-disable-related-posts":"","theme-transparent-header-meta":"default","adv-header-id-meta":"","stick-header-meta":"default","header-above-stick-meta":"","header-main-stick-meta":"","header-below-stick-meta":"","astra-migrate-meta-layouts":"set","ast-page-background-enabled":"default","ast-page-background-meta":{"desktop":{"background-color":"var(--ast-global-color-4)","background-image":"","background-repeat":"repeat","background-position":"center center","background-size":"auto","background-attachment":"scroll","background-type":"","background-media":"","overlay-type":"","overlay-color":"","overlay-opacity":"","overlay-gradient":""},"tablet":{"background-color":"","background-image":"","background-repeat":"repeat","background-position":"center center","background-size":"auto","background-attachment":"scroll","background-type":"","background-media":"","overlay-type":"","overlay-color":"","overlay-opacity":"","overlay-gradient":""},"mobile":{"background-color":"","background-image":"","background-repeat":"repeat","background-position":"center center","background-size":"auto","background-attachment":"scroll","background-type":"","background-media":"","overlay-type":"","overlay-color":"","overlay-opacity":"","overlay-gradient":""}},"ast-content-background-meta":{"desktop":{"background-color":"var(--ast-global-color-5)","background-image":"","background-repeat":"repeat","background-position":"center center","background-size":"auto","background-attachment":"scroll","background-type":"","background-media":"","overlay-type":"","overlay-color":"","overlay-opacity":"","overlay-gradient":""},"tablet":{"background-color":"var(--ast-global-color-5)","background-image":"","background-repeat":"repeat","background-position":"center center","background-size":"auto","background-attachment":"scroll","background-type":"","background-media":"","overlay-type":"","overlay-color":"","overlay-opacity":"","overlay-gradient":""},"mobile":{"background-color":"var(--ast-global-color-5)","background-image":"","background-repeat":"repeat","background-position":"center center","background-size":"auto","background-attachment":"scroll","background-type":"","background-media":"","overlay-type":"","overlay-color":"","overlay-opacity":"","overlay-gradient":""}}},"product_brand":[],"product_cat":[53,65],"product_tag":[],"class_list":{"0":"post-13504","1":"product","2":"type-product","3":"status-publish","4":"has-post-thumbnail","6":"product_cat-microsuction-de","7":"product_cat-einwegartikel","8":"desktop-align-left","9":"tablet-align-left","10":"mobile-align-left","11":"ast-product-gallery-layout-horizontal-slider","12":"ast-product-gallery-with-no-image","13":"ast-product-tabs-layout-horizontal","15":"first","16":"instock","17":"taxable","18":"shipping-taxable","19":"purchasable","20":"product-type-simple"},"acf":[],"_links":{"self":[{"href":"https:\/\/alsokamedical.com\/de\/wp-json\/wp\/v2\/product\/13504","targetHints":{"allow":["GET"]}}],"collection":[{"href":"https:\/\/alsokamedical.com\/de\/wp-json\/wp\/v2\/product"}],"about":[{"href":"https:\/\/alsokamedical.com\/de\/wp-json\/wp\/v2\/types\/product"}],"replies":[{"embeddable":true,"href":"https:\/\/alsokamedical.com\/de\/wp-json\/wp\/v2\/comments?post=13504"}],"wp:featuredmedia":[{"embeddable":true,"href":"https:\/\/alsokamedical.com\/de\/wp-json\/wp\/v2\/media\/13508"}],"wp:attachment":[{"href":"https:\/\/alsokamedical.com\/de\/wp-json\/wp\/v2\/media?parent=13504"}],"wp:term":[{"taxonomy":"product_brand","embeddable":true,"href":"https:\/\/alsokamedical.com\/de\/wp-json\/wp\/v2\/product_brand?post=13504"},{"taxonomy":"product_cat","embeddable":true,"href":"https:\/\/alsokamedical.com\/de\/wp-json\/wp\/v2\/product_cat?post=13504"},{"taxonomy":"product_tag","embeddable":true,"href":"https:\/\/alsokamedical.com\/de\/wp-json\/wp\/v2\/product_tag?post=13504"}],"curies":[{"name":"wp","href":"https:\/\/api.w.org\/{rel}","templated":true}]}}